{"id":11,"date":"2013-04-03T21:34:19","date_gmt":"2013-04-03T18:34:19","guid":{"rendered":"https:\/\/blauweiss.fi\/?page_id=11"},"modified":"2025-06-27T08:37:00","modified_gmt":"2025-06-27T05:37:00","slug":"yritys","status":"publish","type":"page","link":"https:\/\/blauweiss.fi\/?page_id=11","title":{"rendered":"Yritys"},"content":{"rendered":"\n<hr class=\"wp-block-separator has-alpha-channel-opacity is-style-wide\"\/>\n\n\n\n<h1 class=\"wp-block-heading has-text-align-center\">Yhteystiedot \/ Contact information:<\/h1>\n\n\n\n<p class=\"has-text-align-center\"><strong>Blauweiss Import<\/strong><\/p>\n\n\n\n<p class=\"has-text-align-center\">Mailing address: Ty\u00f6miehentie 26, 87830 Nakertaja, Finland, Europe<\/p>\n\n\n\n<p class=\"has-text-align-center\">Email:\u00a0<a href=\"mailto:contact@blauweiss.fi\">contact@blauweiss.fi<\/a><br>Tel \/ WhatsApp: <a href=\"tel:+358400186937\">+358400186937<\/a><\/p>\n\n\n\n<hr class=\"wp-block-separator has-alpha-channel-opacity is-style-wide\"\/>\n\n\n\n<h2 class=\"wp-block-heading\">Tietoa meist\u00e4<\/h2>\n\n\n\n<p><strong>Blauweiss Import<\/strong>\u00a0<strong>on vuonna 2004 perustettu  laadukkaisiin ja hyv\u00e4kuntoisiin tuontiautoihin erikoistunut suomalainen yritys<\/strong>. Toimitamme tilauksesta haluamasi auton yli 25 vuoden kokemuksella ammattitaitoisesti, nopeasti ja eritt\u00e4in kilpailukykyiseen hintaan.\u00a0<em>Tuomme autot p\u00e4\u00e4asiallisesti Saksasta ja tarvittaessa suomalainen ostomiehemme tarkastaa henkil\u00f6kohtaisesti auton paikan p\u00e4\u00e4ll\u00e4.<\/em>\u00a0Jokainen asiakas on meille yht\u00e4 t\u00e4rke\u00e4 ja r\u00e4\u00e4t\u00e4l\u00f6imme palvelumme jokaisen asiakkaan tarpeita vastaaviksi.<\/p>\n\n\n\n<p><strong>Erikoisalamme on erilaisten harrasteautojen ja k\u00e4ytettyjen BMW-merkkisten henkil\u00f6autojen toimittaminen,<\/strong>&nbsp;mutta luonnollisesti my\u00f6s muiden merkkien toimitus onnistuu. Kauttamme j\u00e4rjestyy haluamasi auto joustavasti, olit sitten hankkimassa taloudellista k\u00e4ytt\u00f6autoa tai unelmiesi harrasteautoa. My\u00f6s s\u00e4hk\u00f6auton tai hybridin tuonti sujuu meilt\u00e4 ja sellaisia olikin suurin osa vuonna 2020 toimittamistamme autoista.<\/p>\n\n\n\n<p><strong>Tingimme my\u00f6s auton kauppahinnan asiakkaamme eduksi.<\/strong>&nbsp;Veloitamme auton tuonnista yhdess\u00e4 sopimamme konsulttipalkkion ja kulut. Olemme toimittaneet Suomeen runsaasti erilaisia erikoismalleja kuten&nbsp;<em>BMW:n M-Technic \/ Motorsport mallit, Mercedes-Benzin AMG-mallit ja Audin S-sarjan autot<\/em>. My\u00f6s hybridien ja s\u00e4hk\u00f6autojen toimituksesta meill\u00e4 on jo kokemusta. Tarvitset sitten Ferrarin tai uuden kauppakassin, hoidamme homman kotiin.<\/p>\n\n\n\n<p><strong>Pystymme toimittamaan autot parhaimmillaan jopa viikon toimitusajalla<\/strong>\u00a0ja opastamme kaupan p\u00e4\u00e4lle asiakkaitamme autoverotukseen ja katsastukseen liittyviss\u00e4 kysymyksiss\u00e4. Mahdollisissa ongelmatilanteissa voit luottaa asiantuntemukseemme. Nyky\u00e4\u00e4n Saksassa autojen rekister\u00f6inti on aikaa viev\u00e4\u00e4 puuhaa ja t\u00e4m\u00e4n vuoksi koko auton hankintaprosessiin on hyv\u00e4 varata aikaa noin 2 &#8211; 4 viikkoa.<\/p>\n\n\n\n<p><strong>Autojen toimituksen lis\u00e4ksi myymme my\u00f6s legendaarisen Cerwin-Vega! merkin tuotteita<\/strong>. Kauttamme saat tilattua kaikki Suomen maahantuojan t\u00e4m\u00e4n hetkiseen valikoimaan kuuluvat kotik\u00e4ytt\u00f6\u00f6n tarkoitetut tuotteet. Toimitamme tuotteet toimitusmyyntin\u00e4, joten minimoimalla varastokustannukset voimme tarjota eritt\u00e4in kilpailukykyiset hinnat. Kaikki tuotteet hankimme aina virallisien maahantuojien kautta. Tuotteet tulevat suoratoimituksena suoraan maahantuojan varastosta.<\/p>\n\n\n\n<p>Voimme toimittaa my\u00f6s tiettyj\u00e4\u00a0<strong><em>Cerwin-Vega! Professional<\/em><\/strong>\u00a0-malleja mik\u00e4li niit\u00e4 on maahantuojan varastossa. Meill\u00e4 on my\u00f6s omassa k\u00e4yt\u00f6ss\u00e4mme n\u00e4it\u00e4 tuotteita ja olemme rakentaneet y\u00f6kerhojen \u00e4\u00e4nentoistoj\u00e4rjestelmi\u00e4 k\u00e4ytt\u00e4en n\u00e4it\u00e4 tuotteita. My\u00f6s Cerwin-Vegan valmistamat aktiivikaiuttimet kuuluvat nykyiseen valikoimaamme.\u00a0<em>Useita ammattik\u00e4ytt\u00f6\u00f6n tarkoitettuja aktiivisubwoofereita voi k\u00e4ytt\u00e4\u00e4 my\u00f6s kotik\u00e4yt\u00f6ss\u00e4.<\/em><\/p>\n\n\n\n<p>Nettisivuillamme olevat tuotteet ovat p\u00e4\u00e4s\u00e4\u00e4t\u00f6isesti ilmoitettu maahantuojan suositushinnoilla. Kannattaa aina kysy\u00e4 meilt\u00e4 tarjous haluamastasi tuotteesta s\u00e4hk\u00f6postilla. Valmistajan sivuilta&nbsp;<em>www.cerwinvega.com<\/em>&nbsp;n\u00e4et t\u00e4m\u00e4n hetkiset mallit. Oman verkkokauppamme l\u00f6yd\u00e4t osoitteesta&nbsp;<a href=\"http:\/\/www.cerwin-vega.fi\/\" target=\"_blank\" rel=\"noreferrer noopener\">www.cerwin-vega.fi<\/a><\/p>\n\n\n\n<p><strong>Tavoitteemme on aina tyytyv\u00e4inen asiakas.<\/strong><\/p>\n","protected":false},"excerpt":{"rendered":"<p>Yhteystiedot \/ Contact information: Blauweiss Import Mailing address: Ty\u00f6miehentie 26, 87830 Nakertaja, Finland, Europe Email:\u00a0contact@blauweiss.fiTel \/ WhatsApp: +358400186937 Tietoa meist\u00e4 Blauweiss Import\u00a0on vuonna 2004 perustettu laadukkaisiin ja hyv\u00e4kuntoisiin tuontiautoihin erikoistunut suomalainen yritys. Toimitamme tilauksesta haluamasi auton yli 25 vuoden kokemuksella ammattitaitoisesti, nopeasti ja eritt\u00e4in kilpailukykyiseen hintaan.\u00a0Tuomme autot p\u00e4\u00e4asiallisesti Saksasta ja tarvittaessa suomalainen ostomiehemme tarkastaa henkil\u00f6kohtaisesti&#8230;<\/p>\n","protected":false},"author":1,"featured_media":0,"parent":0,"menu_order":0,"comment_status":"open","ping_status":"open","template":"","meta":{"ngg_post_thumbnail":0,"_kad_post_transparent":"default","_kad_post_title":"default","_kad_post_layout":"default","_kad_post_sidebar_id":"","_kad_post_content_style":"default","_kad_post_vertical_padding":"default","_kad_post_feature":"","_kad_post_feature_position":"","_kad_post_header":false,"_kad_post_footer":false,"footnotes":""},"class_list":["post-11","page","type-page","status-publish","hentry"],"_links":{"self":[{"href":"https:\/\/blauweiss.fi\/index.php?rest_route=\/wp\/v2\/pages\/11","targetHints":{"allow":["GET"]}}],"collection":[{"href":"https:\/\/blauweiss.fi\/index.php?rest_route=\/wp\/v2\/pages"}],"about":[{"href":"https:\/\/blauweiss.fi\/index.php?rest_route=\/wp\/v2\/types\/page"}],"author":[{"embeddable":true,"href":"https:\/\/blauweiss.fi\/index.php?rest_route=\/wp\/v2\/users\/1"}],"replies":[{"embeddable":true,"href":"https:\/\/blauweiss.fi\/index.php?rest_route=%2Fwp%2Fv2%2Fcomments&post=11"}],"version-history":[{"count":27,"href":"https:\/\/blauweiss.fi\/index.php?rest_route=\/wp\/v2\/pages\/11\/revisions"}],"predecessor-version":[{"id":514,"href":"https:\/\/blauweiss.fi\/index.php?rest_route=\/wp\/v2\/pages\/11\/revisions\/514"}],"wp:attachment":[{"href":"https:\/\/blauweiss.fi\/index.php?rest_route=%2Fwp%2Fv2%2Fmedia&parent=11"}],"curies":[{"name":"wp","href":"https:\/\/api.w.org\/{rel}","templated":true}]}}