{"id":17,"date":"2013-04-03T21:49:26","date_gmt":"2013-04-03T18:49:26","guid":{"rendered":"https:\/\/blauweiss.fi\/?page_id=17"},"modified":"2013-04-03T21:49:51","modified_gmt":"2013-04-03T18:49:51","slug":"yhteydenotto","status":"publish","type":"page","link":"https:\/\/blauweiss.fi\/?page_id=17","title":{"rendered":"Yhteydenotto"},"content":{"rendered":"\n<div class=\"wpcf7 no-js\" id=\"wpcf7-f16-o1\" lang=\"en-US\" dir=\"ltr\" data-wpcf7-id=\"16\">\n<div class=\"screen-reader-response\"><p role=\"status\" aria-live=\"polite\" aria-atomic=\"true\"><\/p> <ul><\/ul><\/div>\n<form action=\"\/index.php?rest_route=%2Fwp%2Fv2%2Fpages%2F17#wpcf7-f16-o1\" method=\"post\" class=\"wpcf7-form init\" aria-label=\"Contact form\" novalidate=\"novalidate\" data-status=\"init\">\n<fieldset class=\"hidden-fields-container\"><input type=\"hidden\" name=\"_wpcf7\" value=\"16\" \/><input type=\"hidden\" name=\"_wpcf7_version\" value=\"6.1.4\" \/><input type=\"hidden\" name=\"_wpcf7_locale\" value=\"en_US\" \/><input type=\"hidden\" name=\"_wpcf7_unit_tag\" value=\"wpcf7-f16-o1\" \/><input type=\"hidden\" name=\"_wpcf7_container_post\" value=\"0\" \/><input type=\"hidden\" name=\"_wpcf7_posted_data_hash\" value=\"\" \/><input type=\"hidden\" name=\"_wpcf7dtx_version\" value=\"5.0.3\" \/><input type=\"hidden\" name=\"_wpcf7_recaptcha_response\" value=\"\" \/>\n<\/fieldset>\n<div class=\"lomakesivu\">\n\t<h2>Omat tietosi\n\t<\/h2>\n\t<p>Nimesi: <span class=\"wpcf7-form-control-wrap\" data-name=\"your-name\"><input size=\"40\" maxlength=\"400\" class=\"wpcf7-form-control wpcf7-text wpcf7-validates-as-required\" aria-required=\"true\" aria-invalid=\"false\" value=\"\" type=\"text\" name=\"your-name\" \/><\/span>\n\t<\/p>\n\t<p>S\u00e4hk\u00f6postisi: <span class=\"wpcf7-form-control-wrap\" data-name=\"your-email\"><input size=\"40\" maxlength=\"400\" class=\"wpcf7-form-control wpcf7-email wpcf7-validates-as-required wpcf7-text wpcf7-validates-as-email\" aria-required=\"true\" aria-invalid=\"false\" value=\"\" type=\"email\" name=\"your-email\" \/><\/span>\n\t<\/p>\n\t<p>Puhelinnumerosi: <span class=\"wpcf7-form-control-wrap\" data-name=\"your-phone\"><input size=\"40\" maxlength=\"400\" class=\"wpcf7-form-control wpcf7-text\" aria-invalid=\"false\" value=\"\" type=\"text\" name=\"your-phone\" \/><\/span>\n\t<\/p>\n\t<p>Ottakaa minuun yhteytt\u00e4:\n\t<\/p>\n\t<td>\n\t\t<p><span class=\"wpcf7-form-control-wrap\" data-name=\"ottakaa\"><select class=\"wpcf7-form-control wpcf7-select\" aria-invalid=\"false\" name=\"ottakaa\"><option value=\"s\u00e4hk\u00f6postilla\">s\u00e4hk\u00f6postilla<\/option><option value=\"puhelimitse\">puhelimitse<\/option><\/select><\/span>\n\t\t<\/p>\n\t\t<p>Lis\u00e4tietoja\n\t\t<\/p>\n\t\t<p>Olen kiinnostunut:\n\t\t<\/p>\n\t\t<p><span class=\"wpcf7-form-control-wrap\" data-name=\"kiinnostunut\"><span class=\"wpcf7-form-control wpcf7-checkbox\"><span class=\"wpcf7-list-item first\"><input type=\"checkbox\" name=\"kiinnostunut[]\" value=\"Auton ulkomailta ostoon liittyvist\u00e4 konsultointipalveluista\" \/><span class=\"wpcf7-list-item-label\">Auton ulkomailta ostoon liittyvist\u00e4 konsultointipalveluista<\/span><\/span><span class=\"wpcf7-list-item\"><input type=\"checkbox\" name=\"kiinnostunut[]\" value=\"Cerwin-Vega! tuotteista\" \/><span class=\"wpcf7-list-item-label\">Cerwin-Vega! tuotteista<\/span><\/span><span class=\"wpcf7-list-item\"><input type=\"checkbox\" name=\"kiinnostunut[]\" value=\"Tilaamaan auton Saksasta\" \/><span class=\"wpcf7-list-item-label\">Tilaamaan auton Saksasta<\/span><\/span><span class=\"wpcf7-list-item\"><input type=\"checkbox\" name=\"kiinnostunut[]\" value=\"\u00c4\u00e4nentoistopalveluista j\u00e4rjest\u00e4m\u00e4\u00e4ni tapahtumaan\" \/><span class=\"wpcf7-list-item-label\">\u00c4\u00e4nentoistopalveluista j\u00e4rjest\u00e4m\u00e4\u00e4ni tapahtumaan<\/span><\/span><span class=\"wpcf7-list-item last\"><input type=\"checkbox\" name=\"kiinnostunut[]\" value=\"Muusta, mist\u00e4?\" \/><span class=\"wpcf7-list-item-label\">Muusta, mist\u00e4?<\/span><\/span><\/span><\/span>\n\t\t<\/p>\n\t\t<p>Viestisi:\n\t\t<\/p>\n\t\t<p><span class=\"wpcf7-form-control-wrap\" data-name=\"your-message\"><textarea cols=\"40\" rows=\"10\" maxlength=\"2000\" class=\"wpcf7-form-control wpcf7-textarea\" aria-invalid=\"false\" name=\"your-message\"><\/textarea><\/span>\n\t\t<\/p>\n\t\t<p>\n\t\t<span class=\"wpcf7-form-control-wrap recaptcha\" data-name=\"recaptcha\"><span data-sitekey=\"6LcZSEIUAAAAAOuLwIWwhvVOd1YCsAkjgJvfN35s\" class=\"wpcf7-form-control wpcf7-recaptcha g-recaptcha\"><\/span>\r\n<noscript>\r\n\t<div class=\"grecaptcha-noscript\">\r\n\t\t<iframe loading=\"lazy\" src=\"https:\/\/www.google.com\/recaptcha\/api\/fallback?k=6LcZSEIUAAAAAOuLwIWwhvVOd1YCsAkjgJvfN35s\" frameborder=\"0\" scrolling=\"no\" width=\"310\" height=\"430\">\r\n\t\t<\/iframe>\r\n\t\t<textarea name=\"g-recaptcha-response\" rows=\"3\" cols=\"40\" placeholder=\"reCaptcha Response Here\">\r\n\t\t<\/textarea>\r\n\t<\/div>\r\n<\/noscript>\r\n<\/span>\n\t\t<\/p>\n\t\t<p><input class=\"wpcf7-form-control wpcf7-submit has-spinner\" type=\"submit\" value=\"L\u00e4het\u00e4\" \/>\n\t\t<\/p>\n\t<\/td>\n<\/div><div class=\"wpcf7-response-output\" aria-hidden=\"true\"><\/div>\n<\/form>\n<\/div>\n\n","protected":false},"excerpt":{"rendered":"","protected":false},"author":1,"featured_media":0,"parent":0,"menu_order":0,"comment_status":"open","ping_status":"open","template":"onecolumn-page.php","meta":{"ngg_post_thumbnail":0,"_kad_post_transparent":"","_kad_post_title":"","_kad_post_layout":"","_kad_post_sidebar_id":"","_kad_post_content_style":"","_kad_post_vertical_padding":"","_kad_post_feature":"","_kad_post_feature_position":"","_kad_post_header":false,"_kad_post_footer":false,"footnotes":""},"class_list":["post-17","page","type-page","status-publish","hentry"],"_links":{"self":[{"href":"https:\/\/blauweiss.fi\/index.php?rest_route=\/wp\/v2\/pages\/17","targetHints":{"allow":["GET"]}}],"collection":[{"href":"https:\/\/blauweiss.fi\/index.php?rest_route=\/wp\/v2\/pages"}],"about":[{"href":"https:\/\/blauweiss.fi\/index.php?rest_route=\/wp\/v2\/types\/page"}],"author":[{"embeddable":true,"href":"https:\/\/blauweiss.fi\/index.php?rest_route=\/wp\/v2\/users\/1"}],"replies":[{"embeddable":true,"href":"https:\/\/blauweiss.fi\/index.php?rest_route=%2Fwp%2Fv2%2Fcomments&post=17"}],"version-history":[{"count":2,"href":"https:\/\/blauweiss.fi\/index.php?rest_route=\/wp\/v2\/pages\/17\/revisions"}],"predecessor-version":[{"id":20,"href":"https:\/\/blauweiss.fi\/index.php?rest_route=\/wp\/v2\/pages\/17\/revisions\/20"}],"wp:attachment":[{"href":"https:\/\/blauweiss.fi\/index.php?rest_route=%2Fwp%2Fv2%2Fmedia&parent=17"}],"curies":[{"name":"wp","href":"https:\/\/api.w.org\/{rel}","templated":true}]}}