{"id":58,"date":"2013-04-04T21:38:08","date_gmt":"2013-04-04T18:38:08","guid":{"rendered":"https:\/\/blauweiss.fi\/?page_id=58"},"modified":"2024-05-03T08:58:07","modified_gmt":"2024-05-03T05:58:07","slug":"usein-kysyttya","status":"publish","type":"page","link":"https:\/\/blauweiss.fi\/?page_id=58","title":{"rendered":"Usein kysytty\u00e4"},"content":{"rendered":"\n<hr class=\"wp-block-separator has-alpha-channel-opacity is-style-wide\"\/>\n\n\n\n<h1 class=\"wp-block-heading\">Usein kysytty\u00e4<\/h1>\n\n\n\n<hr class=\"wp-block-separator has-alpha-channel-opacity\"\/>\n\n\n\n<p><strong>Kysymys: <\/strong>Miss\u00e4 vaiheessa maksan tilaamani auton?<\/p>\n\n\n\n<p><strong>Vastaus:<\/strong> Koska hankimme kaikki tilauksesta toimittamamme autot suoraan asiakkaan nimiin, tarvitsemme koko kauppasumman etuk\u00e4teen tilillemme auton hankintaa varten. Auton kauppahinta ja etuk\u00e4teen alustavasti sopimamme tuontikulut tulee olla siirrettyn\u00e4&nbsp; tilille viimeist\u00e4\u00e4n siin\u00e4 vaiheessa, kun l\u00e4hdemme hakemaan tilaamaasi autoa. Lopullinen veloitus tapahtuu, kun auto on Suomessa ja hakureissun kulut ovat selvinneet.<\/p>\n\n\n\n<p><em>On my\u00f6s mahdollista maksaa meille pelkk\u00e4 ennakkomaksu palkkiota ja hakureissun kuluja varten. Kun sopiva auto on l\u00f6ytynyt, voi asiakkaamme maksaa ostettavan auton kauppasumman suoraan ulkomaisen myyj\u00e4liikkeen tilille.<\/em> T\u00e4ll\u00f6in joudumme veloittamaan ylim\u00e4\u00e4r\u00e4isest\u00e4 matkap\u00e4iv\u00e4st\u00e4 pienen korvauksen, koska yleens\u00e4 tilisiirtona tehdyt maksut n\u00e4kyv\u00e4t kokemuksemme mukaan ulkomaisen myyj\u00e4n tilill\u00e4 vasta seuraavana arkip\u00e4iv\u00e4n\u00e4.<\/p>\n\n\n\n<hr class=\"wp-block-separator has-alpha-channel-opacity\"\/>\n\n\n\n<p><strong>Kysymys: <\/strong>Tarkastatteko hankkimanne autot etuk\u00e4teen?<\/p>\n\n\n\n<p><strong>Vastaus: Kyll\u00e4, henkil\u00f6kuntamme tarkastaa jokaisen hankkimamme auton henkil\u00f6kohtaisesti paikan p\u00e4\u00e4ll\u00e4 ennen ostop\u00e4\u00e4t\u00f6ksen tekemist\u00e4.<\/strong> Kuten monet muut alan yritykset, emme vain k\u00e4yt\u00e4 paikallisia v\u00e4litt\u00e4ji\u00e4 autojen ostamiseen. Suomalainen ostajamme tarkastaa jokaisen auton henkil\u00f6kohtaisesti. Raportoimme asiakkallemme yksityiskohtaisesti auton todellisen kunnon etuk\u00e4teen puhelimitse ennen kauppojen tekemist\u00e4.<\/p>\n\n\n\n<p>Meill\u00e4 on 20 vuoden kokemus autojen hankkimisesta ulkomailta sek\u00e4 vahva tietotaito eri automallien ominaisuuksista. Olemme ty\u00f6skennelleet aiemmin autoalalla eri teht\u00e4viss\u00e4, joten eri automerkkien ja -mallien ongelmakohdat ovat hyvin tiedossamme.<\/p>\n\n\n\n<p><strong>On mahdollista kuitenkin ostaa esimerkiksi saksalaisesta merkkiliikkest\u00e4 takuunalaisia autoja n\u00e4kem\u00e4tt\u00e4, kun kyseess\u00e4 on tuoreita 0 &#8211; 4 vuotta vanhoja v\u00e4h\u00e4n ajettuja autoja, joiden hinta sis\u00e4lt\u00e4\u00e4 my\u00f6s 12 &#8211; 24 kuukauden takuun.<\/strong> <em>N\u00e4it\u00e4 autoja ovat mm. BMW:n Premium Selection ja Mercedes-Benz:n Junge Sterne luokituksen t\u00e4ytt\u00e4v\u00e4t autot. <\/em>My\u00f6s n\u00e4iden autojen toimituksesta meill\u00e4 on eritt\u00e4in hyvi\u00e4 kokemuksia ja useat asiakkaamme ovat viime vuosina p\u00e4\u00e4tyneet ostamaan t\u00e4llaisia autoja kauttamme. Edell\u00e4 mainitut takuut ovat voimassa my\u00f6s Suomessa.<\/p>\n\n\n\n<hr class=\"wp-block-separator has-alpha-channel-opacity\"\/>\n\n\n\n<p><strong>Kysymys: <\/strong>Onko mahdollista, ett\u00e4 etsitte minulle Saksasta haluamani auton ja saavun my\u00f6hemmin noutamaan auton ja ajan itse Suomeen?<\/p>\n\n\n\n<p><strong>Vastaus: <\/strong>Kyll\u00e4 my\u00f6s t\u00e4m\u00e4 on mahdollista. Ota yhteytt\u00e4 s\u00e4hk\u00f6postilla tai puhelimitse, ja kerro tarkemmin tarvitsemistasi palveluista, niin sovitaan yhdess\u00e4 k\u00e4yt\u00e4nn\u00f6n j\u00e4rjestelyist\u00e4. Opastamme kaikissa tilanteissa Sinua ja pid\u00e4mme osaltamme huolta siit\u00e4, ett\u00e4 matkasi olisi onnistunut ja turvallinen.<strong><br><\/strong><\/p>\n\n\n\n<hr class=\"wp-block-separator has-alpha-channel-opacity\"\/>\n\n\n\n<p><strong>Kysymys: <\/strong>Onko teid\u00e4n kautta mahdollista tilata auto ulkomailta rahoituksella?<\/p>\n\n\n\n<p><strong>Vastaus:<\/strong> T\u00e4ll\u00e4 hetkell\u00e4 meill\u00e4 ei ole valitettavasti mahdollisuutta tarjota autojen toimituspalvelua rahoituksella. Voimme kuitenkin suositella luotettavaa suomalaista autoliikett\u00e4, jonka kautta t\u00e4m\u00e4 onnistuu ongelmitta.<\/p>\n\n\n\n<hr class=\"wp-block-separator has-alpha-channel-opacity\"\/>\n\n\n\n<p><strong>Kysymys: <\/strong>Haluaisin tilata auton ulkomailta kauttanne. Otatteko entisen autoni vaihdossa?<strong><br><\/strong><\/p>\n\n\n\n<p><strong>Vastaus: <\/strong>T\u00e4ll\u00e4 hetkell\u00e4 meill\u00e4 ei ole valitettavasti mahdollisuutta ottaa autoja vaihdossa. Voimme kuitenkin suositella suomalaista autoliikett\u00e4, jonka kautta t\u00e4m\u00e4 onnistuu.<strong><br><\/strong><\/p>\n\n\n\n<hr class=\"wp-block-separator has-alpha-channel-opacity\"\/>\n\n\n\n<p><strong>Kysymys: <\/strong>Kuinka toimitte, jos ette l\u00f6yd\u00e4 tilaamaani autoa etuk\u00e4teen sovitussa m\u00e4\u00e4r\u00e4ajassa ja olen maksanut auton etuk\u00e4teen yrityksenne tilille?<strong><br><\/strong><\/p>\n\n\n\n<p><strong>Vastaus:&nbsp;<\/strong>Palautamme etuk\u00e4teen maksamasi rahat sinulle takaisin, jos emme pysty jostain syyst\u00e4 toimittamaan sinulle kohtuullisessa ajassa tilaamaasi autoa. Toimitusajasta ja muista ehdoista voimme sopia aina yhdess\u00e4 tapauskohtaisesti. Tyypillinen toimitusaika Saksasta toimittamillemme autoille on 7-14 vuorokautta toimeksiantosopimuksen tekemisest\u00e4. Harvoin tarjolla olevien erikoisautojen kanssa toimitusaika on viitteellinen.<\/p>\n\n\n\n<hr class=\"wp-block-separator has-alpha-channel-opacity\"\/>\n\n\n\n<p><strong>Kysymys: <\/strong>Tuotteko my\u00f6s varaosia ja tarvikkeita ulkomailta vai pelk\u00e4st\u00e4\u00e4n autoja?<strong><br><\/strong><\/p>\n\n\n\n<p><strong>Vastaus: <\/strong>Olemme t\u00e4ll\u00e4 hetkell\u00e4 keskittyneet vain autojen toimittamiseen. Emme toimita autojen varaosia tai tarvikkeita asiakkaillemme.<\/p>\n\n\n\n<hr class=\"wp-block-separator has-alpha-channel-opacity\"\/>\n\n\n\n<p><strong>Kysymys: <\/strong>Toimitatteko autoja my\u00f6s yrityksille.<strong><br><\/strong><\/p>\n\n\n\n<p><strong>Vastaus: <\/strong>Kyll\u00e4, toimitamme autoja my\u00f6s yrityksille ja suomalaisille autoliikkeille. Olemme suomalainen alv rekister\u00f6ity yritys, joten kaikki ilmoittamamme hinnat sis\u00e4lt\u00e4v\u00e4t v\u00e4hennyskelpoisen arvonlis\u00e4veron. Teemme mielell\u00e4mme yhteisty\u00f6t\u00e4 suomalaisten autoliikkeiden kanssa ja toimitamme my\u00f6s harvinaiset erikoisautot usean vuoden kokemuksella. Meid\u00e4n kautta on hankittu Suomeen useita urheilu- ja erikoisautoja tilauksesta kuten Ferrari F430, Jaguar S-Type R, Lamborghini Gallaro ja Porsche 911.<\/p>\n\n\n\n<p><em>Mik\u00e4li olet autoliikkeen edustaja ja olet kiinnostunut autojen hankkimisesta ulkomailta, ota yhteytt\u00e4, niin keskustellaan, kuinka voisimme tehd\u00e4 yhteisty\u00f6t\u00e4. Olemme toimittaneet vuosien varrella autoja eri autoliikkeisiin ymp\u00e4ri Suomea. Kenties asiakkanne haluaisi hankkia auton, jota Teid\u00e4n valikoimastanne ei viel\u00e4 l\u00f6ydy? T\u00e4ss\u00e4 kohtaa voimme tulla avuksi ja toimittaa Teille juuri asiakkanne haluaman ajoneuvon.<\/em><\/p>\n\n\n\n<hr class=\"wp-block-separator has-alpha-channel-opacity\"\/>\n\n\n\n<p><strong>Kysymys: <\/strong>Toimitatteko autoja muualta kuin Saksasta?<strong><br><\/strong><\/p>\n\n\n\n<p><strong>Vastaus: <\/strong>Kyll\u00e4, periaatteessa meid\u00e4n kautta voit tilata autoja kaikista EU-maista, mist\u00e4 auton hankkiminen Suomeen on ylip\u00e4\u00e4t\u00e4\u00e4n j\u00e4rkev\u00e4\u00e4. Olemme toimittaneet asiakkaillemme autoja mm. Alankomaista, It\u00e4vallasta, Puolasta, Ruotsista, Saksasta, Yhdysvalloista ja Virosta.<\/p>\n\n\n\n<p><strong>J\u00e4rkevin markkina-alue auton hankkimiselle on kuitenkin ehdottomasti Saksa.<\/strong> Toimitamme autoja asiakkaillemme ymp\u00e4ri Saksaa. Auton sijainti vaikuttaa ainoastaan tuontikuluihin, syrj\u00e4inen sijainti ei ole meille este.<strong><br><\/strong><\/p>\n\n\n\n<p>Hybridien ja s\u00e4hk\u00f6autojen hankinnassa Saksan lis\u00e4ksi Alankomaat tarjoaa eritt\u00e4in monipuolisen valikoiman. <strong>Hollannista olemme toimittaneet viime vuosina erityisesti hybridej\u00e4 ja my\u00f6s s\u00e4hk\u00f6autoa hankkiessa kannattaa tarkistaa Saksan lis\u00e4ksi my\u00f6s Hollannin autovalikoima.<\/strong><\/p>\n\n\n\n<hr class=\"wp-block-separator has-alpha-channel-opacity\"\/>\n\n\n\n<p><strong>Kysymys: <\/strong>Myyttek\u00f6 muita tuotteita, kuin autotarvikkeita?<\/p>\n\n\n\n<p><strong>Vastaus: <\/strong>Kyll\u00e4, <strong>kauttamme voi tilata my\u00f6s koko legendaarisen Cerwin-Vega! valmistajan nykyiseen tuotevalikoimaan kuuluvia tuotteita<\/strong>. Myymme my\u00f6s Cerwin-Vegan ammattik\u00e4ytt\u00f6\u00f6n tarkoitettuja tuotteita mm. legendaarisia torvibassoja, joiden maine disko- ja ulkoilmak\u00e4yt\u00f6ss\u00e4 on vailla vertaansa.<\/p>\n\n\n\n<p>Kaikkia tuotteita ei ole lis\u00e4tty nettisivuillemme, joten kysy lis\u00e4tietoja tuotteista ja hinnoista s\u00e4hk\u00f6postilla. Olemme itse k\u00e4ytt\u00e4neet Cerwin-Vegan tuotteita vuodesta 1994 asti, joten meilt\u00e4 l\u00f6ytyy my\u00f6s vahva kokemus, apu mahdollisissa ongelmatilanteissa ja tietotaito sopivan tuotteen valintaan. Osa malleista on my\u00f6s koekuunneltavissa varastollamme.<\/p>\n\n\n\n<p><strong>Pyyd\u00e4 tarjous haluamastasi mallista s\u00e4hk\u00f6postilla!<\/strong><\/p>\n\n\n\n<hr class=\"wp-block-separator has-alpha-channel-opacity\"\/>\n","protected":false},"excerpt":{"rendered":"<p>Usein kysytty\u00e4 Kysymys: Miss\u00e4 vaiheessa maksan tilaamani auton? Vastaus: Koska hankimme kaikki tilauksesta toimittamamme autot suoraan asiakkaan nimiin, tarvitsemme koko kauppasumman etuk\u00e4teen tilillemme auton hankintaa varten. Auton kauppahinta ja etuk\u00e4teen alustavasti sopimamme tuontikulut tulee olla siirrettyn\u00e4&nbsp; tilille viimeist\u00e4\u00e4n siin\u00e4 vaiheessa, kun l\u00e4hdemme hakemaan tilaamaasi autoa. Lopullinen veloitus tapahtuu, kun auto on Suomessa ja hakureissun kulut&#8230;<\/p>\n","protected":false},"author":1,"featured_media":0,"parent":0,"menu_order":0,"comment_status":"closed","ping_status":"closed","template":"","meta":{"ngg_post_thumbnail":0,"_kad_post_transparent":"default","_kad_post_title":"default","_kad_post_layout":"default","_kad_post_sidebar_id":"","_kad_post_content_style":"default","_kad_post_vertical_padding":"default","_kad_post_feature":"","_kad_post_feature_position":"","_kad_post_header":false,"_kad_post_footer":false,"footnotes":""},"class_list":["post-58","page","type-page","status-publish","hentry"],"_links":{"self":[{"href":"https:\/\/blauweiss.fi\/index.php?rest_route=\/wp\/v2\/pages\/58","targetHints":{"allow":["GET"]}}],"collection":[{"href":"https:\/\/blauweiss.fi\/index.php?rest_route=\/wp\/v2\/pages"}],"about":[{"href":"https:\/\/blauweiss.fi\/index.php?rest_route=\/wp\/v2\/types\/page"}],"author":[{"embeddable":true,"href":"https:\/\/blauweiss.fi\/index.php?rest_route=\/wp\/v2\/users\/1"}],"replies":[{"embeddable":true,"href":"https:\/\/blauweiss.fi\/index.php?rest_route=%2Fwp%2Fv2%2Fcomments&post=58"}],"version-history":[{"count":17,"href":"https:\/\/blauweiss.fi\/index.php?rest_route=\/wp\/v2\/pages\/58\/revisions"}],"predecessor-version":[{"id":485,"href":"https:\/\/blauweiss.fi\/index.php?rest_route=\/wp\/v2\/pages\/58\/revisions\/485"}],"wp:attachment":[{"href":"https:\/\/blauweiss.fi\/index.php?rest_route=%2Fwp%2Fv2%2Fmedia&parent=58"}],"curies":[{"name":"wp","href":"https:\/\/api.w.org\/{rel}","templated":true}]}}