{"id":8,"date":"2013-04-04T21:16:07","date_gmt":"2013-04-04T18:16:07","guid":{"rendered":"https:\/\/blauweiss.fi\/?page_id=8"},"modified":"2024-05-03T08:57:16","modified_gmt":"2024-05-03T05:57:16","slug":"autojen-maahantuonti","status":"publish","type":"page","link":"https:\/\/blauweiss.fi\/?page_id=8","title":{"rendered":"Autojen maahantuonti"},"content":{"rendered":"\n<hr class=\"wp-block-separator has-alpha-channel-opacity is-style-wide\"\/>\n\n\n\n<h1 class=\"wp-block-heading\">Autojen maahantuonti<\/h1>\n\n\n<style>.kb-row-layout-id8_fd96e0-64 > .kt-row-column-wrap{align-content:start;}:where(.kb-row-layout-id8_fd96e0-64 > .kt-row-column-wrap) > .wp-block-kadence-column{justify-content:start;}.kb-row-layout-id8_fd96e0-64 > .kt-row-column-wrap{column-gap:var(--global-kb-gap-md, 2rem);row-gap:var(--global-kb-gap-md, 2rem);padding-top:var(--global-kb-spacing-sm, 1.5rem);padding-bottom:var(--global-kb-spacing-sm, 1.5rem);grid-template-columns:minmax(0, calc(65% - ((var(--global-kb-gap-md, 2rem) * 1 )\/2)))minmax(0, calc(35% - ((var(--global-kb-gap-md, 2rem) * 1 )\/2)));}.kb-row-layout-id8_fd96e0-64 > .kt-row-layout-overlay{opacity:0.30;}@media all and (max-width: 1024px){.kb-row-layout-id8_fd96e0-64 > .kt-row-column-wrap{grid-template-columns:repeat(2, minmax(0, 1fr));}}@media all and (max-width: 767px){.kb-row-layout-id8_fd96e0-64 > .kt-row-column-wrap{grid-template-columns:minmax(0, 1fr);}}<\/style><div class=\"kb-row-layout-wrap kb-row-layout-id8_fd96e0-64 alignnone wp-block-kadence-rowlayout\"><div class=\"kt-row-column-wrap kt-has-2-columns kt-row-layout-equal kt-tab-layout-inherit kt-mobile-layout-row kt-row-valign-top\">\n<style>.kadence-column8_353b87-61 > .kt-inside-inner-col,.kadence-column8_353b87-61 > .kt-inside-inner-col:before{border-top-left-radius:0px;border-top-right-radius:0px;border-bottom-right-radius:0px;border-bottom-left-radius:0px;}.kadence-column8_353b87-61 > .kt-inside-inner-col{column-gap:var(--global-kb-gap-sm, 1rem);}.kadence-column8_353b87-61 > .kt-inside-inner-col{flex-direction:column;}.kadence-column8_353b87-61 > .kt-inside-inner-col > .aligncenter{width:100%;}.kadence-column8_353b87-61 > .kt-inside-inner-col:before{opacity:0.3;}.kadence-column8_353b87-61{position:relative;}@media all and (max-width: 1024px){.kadence-column8_353b87-61 > .kt-inside-inner-col{flex-direction:column;justify-content:center;}}@media all and (max-width: 767px){.kadence-column8_353b87-61 > .kt-inside-inner-col{flex-direction:column;justify-content:center;}}<\/style>\n<div class=\"wp-block-kadence-column kadence-column8_353b87-61\"><div class=\"kt-inside-inner-col\">\n<p><strong>Erikoisalamme on k\u00e4ytettyjen&nbsp;BMW-merkkisten henkil\u00f6autojen toimittaminen,<\/strong>&nbsp;mutta meill\u00e4 on paljon kokemusta my\u00f6s muiden saksalaismerkkien maahantuonnista. Olemme toimittaneet asiakkaillemme vuosien varrella my\u00f6s useita erikoisautoja kuten Ferrari, Jaguar, Lamborghini ja Porsche.<\/p>\n\n\n\n<p><strong>Tuomme autot toimimalla asiamiehen\u00e4 suomalaisten ostajan ja auton myyj\u00e4n v\u00e4lill\u00e4.<\/strong>&nbsp;Voit hakea itse haluamasi autot netist\u00e4 erilaisten autonmyyntisivustojen kautta tai voimme etsi\u00e4 haluamasi auton vaatimuksiesi mukaan.&nbsp;<em>Toimimme konsulttina Sinun eduksesi.<\/em>&nbsp;Meill\u00e4 saat aina asiakasl\u00e4ht\u00f6isen, yksil\u00f6llisen ja laadukkaan palvelun!<\/p>\n<\/div><\/div>\n\n\n<style>.kadence-column8_a101ec-56 > .kt-inside-inner-col,.kadence-column8_a101ec-56 > .kt-inside-inner-col:before{border-top-left-radius:0px;border-top-right-radius:0px;border-bottom-right-radius:0px;border-bottom-left-radius:0px;}.kadence-column8_a101ec-56 > .kt-inside-inner-col{column-gap:var(--global-kb-gap-sm, 1rem);}.kadence-column8_a101ec-56 > .kt-inside-inner-col{flex-direction:column;}.kadence-column8_a101ec-56 > .kt-inside-inner-col > .aligncenter{width:100%;}.kadence-column8_a101ec-56 > .kt-inside-inner-col:before{opacity:0.3;}.kadence-column8_a101ec-56{position:relative;}@media all and (max-width: 1024px){.kadence-column8_a101ec-56 > .kt-inside-inner-col{flex-direction:column;justify-content:center;}}@media all and (max-width: 767px){.kadence-column8_a101ec-56 > .kt-inside-inner-col{flex-direction:column;justify-content:center;}}<\/style>\n<div class=\"wp-block-kadence-column kadence-column8_a101ec-56\"><div class=\"kt-inside-inner-col\">\n<figure class=\"wp-block-image size-full\"><a href=\"https:\/\/blauweiss.fi\/wp-content\/uploads\/2024\/05\/blauweiss-saksa.png\"><img loading=\"lazy\" decoding=\"async\" width=\"816\" height=\"502\" src=\"https:\/\/blauweiss.fi\/wp-content\/uploads\/2024\/05\/blauweiss-saksa.png\" alt=\"\" class=\"wp-image-482\" srcset=\"https:\/\/blauweiss.fi\/wp-content\/uploads\/2024\/05\/blauweiss-saksa.png 816w, https:\/\/blauweiss.fi\/wp-content\/uploads\/2024\/05\/blauweiss-saksa-300x185.png 300w, https:\/\/blauweiss.fi\/wp-content\/uploads\/2024\/05\/blauweiss-saksa-768x472.png 768w, https:\/\/blauweiss.fi\/wp-content\/uploads\/2024\/05\/blauweiss-saksa-406x250.png 406w\" sizes=\"auto, (max-width: 816px) 100vw, 816px\" \/><\/a><\/figure>\n<\/div><\/div>\n\n<\/div><\/div>\n\n\n<p><strong>Kauttamme voit tilata my\u00f6s erilaisia urheilu- ja erikoisautoja.&nbsp;<\/strong>Saksan lis\u00e4ksi auton maahantuonti onnistuu my\u00f6s muista EU-maista. Hinnoittelemme n\u00e4m\u00e4 palvelut tapauskohtaisesti. Meill\u00e4 on kokemusta my\u00f6s ralli- ja kilpak\u00e4ytt\u00f6\u00f6n toimitettavista autoista. Toimitamme my\u00f6s kevyit\u00e4 kuorma-autoja ja pakettiautoja. Autojen t\u00e4ytyy kuitenkin olla ajokuntoisia. Kolariautoja emme t\u00e4ll\u00e4 hetkell\u00e4 toimita.<\/p>\n\n\n\n<p><strong>Voimme toimittaa asiakkaillemme sek\u00e4 uusia ett\u00e4 k\u00e4ytettyj\u00e4 autoja.<\/strong>&nbsp;Olemme tuoneet Saksasta ensimm\u00e4iset autot Suomeen jo yli 20 vuotta sitten ja meill\u00e4 on kokemusta autokaupasta Yhdysvalloissa Tammikuusta 2001 alkaen. Olemme toimittaneet vuosien varrella autoja sadoille tyytyv\u00e4isille asiakkaille.<\/p>\n\n\n\n<p><strong>Tarkastamme henkil\u00f6kohtaisesti jokaisen hankkimamme auton paikan p\u00e4\u00e4ll\u00e4<\/strong>&nbsp;ja raportoimme auton kunnon sopimuksen mukaan asiakkaallemme ennen ostop\u00e4\u00e4t\u00f6ksen tekemist\u00e4. Hallitsemme sek\u00e4 saksan ett\u00e4 englannin kielen, joten kommunikointi paikan p\u00e4\u00e4ll\u00e4 sujuu mutkattomasti. Paikallinen kaupank\u00e4yntikulttuuri on my\u00f6s tuttua useiden vuosien kokemuksen kautta. Voimme matkustaa Suomesta paikan p\u00e4\u00e4lle tarkastamaan auton ja lis\u00e4ksi meill\u00e4 on paikan p\u00e4\u00e4ll\u00e4 Saksassa suomalainen kokenut ostaja, jonka kautta autojen tarkistukset onnistuvat luotettavasti.<\/p>\n\n\n\n<h3 class=\"wp-block-heading\">Tuontialueemme<\/h3>\n\n\n\n<p>Saksa ja muut EU-maat.<\/p>\n\n\n\n<h3 class=\"wp-block-heading\">Tuontiajoneuvot<\/h3>\n\n\n\n<p>Henkil\u00f6autot, urheiluautot, pakettiautot, kuorma-autot ja erikoisautot.<\/p>\n\n\n\n<h3 class=\"wp-block-heading\">Kenelle toimitamme?<\/h3>\n\n\n\n<p>Yksityishenkil\u00f6t, yritykset sek\u00e4 suomalaiset autoliikkeet.<\/p>\n\n\n\n<h3 class=\"wp-block-heading\">Toimitusaika<\/h3>\n\n\n\n<p>Saksasta 7-14 p\u00e4iv\u00e4\u00e4.<\/p>\n\n\n\n<h3 class=\"wp-block-heading\">Mist\u00e4 etsin autoja?<\/h3>\n\n\n\n<p><a href=\"http:\/\/www.mobile.de\/home\/index.html?lang=en\" target=\"_blank\" rel=\"noopener\">www.mobile.de<\/a>&nbsp;(Saksa)<br><a href=\"http:\/\/www.autoscout24.de\/\" target=\"_blank\" rel=\"noreferrer noopener\">www.autoscout24.de<\/a>&nbsp;(Saksa)<br><a href=\"http:\/\/www.blocket.se\/\" target=\"_blank\" rel=\"noreferrer noopener\">www.blocket.se<\/a>&nbsp;(Ruotsi)<\/p>\n\n\n\n<h2 class=\"wp-block-heading\">Miksi tilaisit auton Blauweiss Importin kautta?<\/h2>\n\n\n\n<p>\u2013&nbsp;<strong>Ostamme asiakkaillemme aina tietyll\u00e4 budjetilla mahdollisimman hyv\u00e4n auton ja veloitamme ainoastaan yhdess\u00e4 sopimamme palkkion sek\u00e4 kulut.<\/strong>&nbsp;Ostaessasi normaalilta v\u00e4litt\u00e4j\u00e4lt\u00e4 tai autoliikkeelt\u00e4 auton, he keskittyv\u00e4t liian usein vain hankkimaan ulkomailta mahdollisimman halvan auton saadakseen maksimaalisen voiton.<\/p>\n\n\n\n<p>\u2013&nbsp;<strong>Meid\u00e4n toimintatapamme on tarjota asiakkaalle mahdollisimman hyv\u00e4 yksil\u00f6 ja paras vastine rahoille!<\/strong>&nbsp;Olemme tuoneet Suomeen satoja autoja tyytyv\u00e4isille asiakkaille jo vuodesta 2000. Auton hankinnan kokonaiskustannukset ovat kauttamme kokonaisuuden huomioiden jopa edullisemmat, kuin mit\u00e4 auton hankinta maksaisi, jos k\u00e4visit itse hakemassa autosi. Tingimme my\u00f6s auton hinnan aina asiakkamme eduksi. Tyytyv\u00e4iset asiakkaat ovat paras referenssimme!<\/p>\n\n\n\n<p>\u2013&nbsp;<strong>Meill\u00e4 on yli 20 vuoden kokemus autojen maahantuonnista sek\u00e4 tunnemme hyvin paikallisen kaupank\u00e4yntikulttuurin.&nbsp;<\/strong>Kommunikoimme luontevasti paikallisien myyjien kanssa heid\u00e4n omalla kielell\u00e4\u00e4n, tunnemme hyvin kohdemaan hintatason, kontaktiverkostomme on monipuolinen ja pystymme l\u00f6yt\u00e4m\u00e4\u00e4n aina my\u00f6s mahdollisissa ongelmatilanteissa asiakkaan kannalta parhaan ratkaisun. Sin\u00e4 asiakkaanamme saat samaan aikaan laadukasta ja luotettavaa palvelua suomalaiselta henkil\u00f6kunnaltamme ja k\u00e4ytett\u00e4viss\u00e4si on kuitenkin huomattavasti kotimaista laajempi autovalikoima. Kauttamme et osta sikaa s\u00e4kiss\u00e4!<\/p>\n\n\n\n<h2 class=\"wp-block-heading\">Toimitamme autoja usealta eri markkina-alueelta.<\/h2>\n\n\n<style>.kb-row-layout-id8_b5912f-14 > .kt-row-column-wrap{align-content:start;}:where(.kb-row-layout-id8_b5912f-14 > .kt-row-column-wrap) > .wp-block-kadence-column{justify-content:start;}.kb-row-layout-id8_b5912f-14 > .kt-row-column-wrap{column-gap:var(--global-kb-gap-md, 2rem);row-gap:var(--global-kb-gap-md, 2rem);padding-top:var(--global-kb-spacing-sm, 1.5rem);padding-bottom:var(--global-kb-spacing-sm, 1.5rem);grid-template-columns:minmax(0, calc(65% - ((var(--global-kb-gap-md, 2rem) * 1 )\/2)))minmax(0, calc(35% - ((var(--global-kb-gap-md, 2rem) * 1 )\/2)));}.kb-row-layout-id8_b5912f-14 > .kt-row-layout-overlay{opacity:0.30;}@media all and (max-width: 1024px){.kb-row-layout-id8_b5912f-14 > .kt-row-column-wrap{grid-template-columns:repeat(2, minmax(0, 1fr));}}@media all and (max-width: 767px){.kb-row-layout-id8_b5912f-14 > .kt-row-column-wrap{grid-template-columns:minmax(0, 1fr);}}<\/style><div class=\"kb-row-layout-wrap kb-row-layout-id8_b5912f-14 alignnone wp-block-kadence-rowlayout\"><div class=\"kt-row-column-wrap kt-has-2-columns kt-row-layout-equal kt-tab-layout-inherit kt-mobile-layout-row kt-row-valign-top\">\n<style>.kadence-column8_719685-7b > .kt-inside-inner-col,.kadence-column8_719685-7b > .kt-inside-inner-col:before{border-top-left-radius:0px;border-top-right-radius:0px;border-bottom-right-radius:0px;border-bottom-left-radius:0px;}.kadence-column8_719685-7b > .kt-inside-inner-col{column-gap:var(--global-kb-gap-sm, 1rem);}.kadence-column8_719685-7b > .kt-inside-inner-col{flex-direction:column;}.kadence-column8_719685-7b > .kt-inside-inner-col > .aligncenter{width:100%;}.kadence-column8_719685-7b > .kt-inside-inner-col:before{opacity:0.3;}.kadence-column8_719685-7b{position:relative;}@media all and (max-width: 1024px){.kadence-column8_719685-7b > .kt-inside-inner-col{flex-direction:column;justify-content:center;}}@media all and (max-width: 767px){.kadence-column8_719685-7b > .kt-inside-inner-col{flex-direction:column;justify-content:center;}}<\/style>\n<div class=\"wp-block-kadence-column kadence-column8_719685-7b\"><div class=\"kt-inside-inner-col\">\n<p>P\u00e4\u00e4asiallinen markkina-alue, josta ostamme autot asiakkaillemme, on Saksa. Olemme tuoneet autoja my\u00f6s esimerkiksi Alankomaista, Belgiasta, Italiasta, It\u00e4vallasta, Luxemburgista, Puolasta, Ruotsista, Yhdysvalloista ja Virosta.<\/p>\n\n\n\n<p><strong>Toimitamme autoja my\u00f6s suomalaisille autoliikkeille.<\/strong>&nbsp;Kun etsitte autoja ulkomailta asiakkaillenne tai itsellenne myyt\u00e4v\u00e4ksi olemme luotettava valinta yhteisty\u00f6kumppaniksi. Olemme toimittaneet laadukkaita ja hyv\u00e4kuntoisia autoja autoliikkeisiin ymp\u00e4ri Suomeen \u2013 aina Helsingist\u00e4 Ouluun ja usealle paikkakunnalle silt\u00e4 v\u00e4lilt\u00e4. Ottakaa rohkeasti yhteytt\u00e4, niin sovitaan yhteisty\u00f6st\u00e4 kanssanne!<\/p>\n<\/div><\/div>\n\n\n<style>.kadence-column8_b6fdcd-e3 > .kt-inside-inner-col,.kadence-column8_b6fdcd-e3 > .kt-inside-inner-col:before{border-top-left-radius:0px;border-top-right-radius:0px;border-bottom-right-radius:0px;border-bottom-left-radius:0px;}.kadence-column8_b6fdcd-e3 > .kt-inside-inner-col{column-gap:var(--global-kb-gap-sm, 1rem);}.kadence-column8_b6fdcd-e3 > .kt-inside-inner-col{flex-direction:column;}.kadence-column8_b6fdcd-e3 > .kt-inside-inner-col > .aligncenter{width:100%;}.kadence-column8_b6fdcd-e3 > .kt-inside-inner-col:before{opacity:0.3;}.kadence-column8_b6fdcd-e3{position:relative;}@media all and (max-width: 1024px){.kadence-column8_b6fdcd-e3 > .kt-inside-inner-col{flex-direction:column;justify-content:center;}}@media all and (max-width: 767px){.kadence-column8_b6fdcd-e3 > .kt-inside-inner-col{flex-direction:column;justify-content:center;}}<\/style>\n<div class=\"wp-block-kadence-column kadence-column8_b6fdcd-e3\"><div class=\"kt-inside-inner-col\">\n<figure class=\"wp-block-image size-full\"><a href=\"https:\/\/blauweiss.fi\/wp-content\/uploads\/2024\/05\/blauweiss-avaimet.png\"><img loading=\"lazy\" decoding=\"async\" width=\"650\" height=\"484\" src=\"https:\/\/blauweiss.fi\/wp-content\/uploads\/2024\/05\/blauweiss-avaimet.png\" alt=\"\" class=\"wp-image-478\" srcset=\"https:\/\/blauweiss.fi\/wp-content\/uploads\/2024\/05\/blauweiss-avaimet.png 650w, https:\/\/blauweiss.fi\/wp-content\/uploads\/2024\/05\/blauweiss-avaimet-300x223.png 300w, https:\/\/blauweiss.fi\/wp-content\/uploads\/2024\/05\/blauweiss-avaimet-336x250.png 336w\" sizes=\"auto, (max-width: 650px) 100vw, 650px\" \/><\/a><\/figure>\n<\/div><\/div>\n\n<\/div><\/div>\n\n\n<p><strong>Konsulttipalkkio auton hankkimisesta Saksasta kauttamme sovitaan aina tapauskohtaisesti.<\/strong>&nbsp;Keskim\u00e4\u00e4rin tuontikulujen kokonaissumma on 2000 euron molemmin puolin, sis\u00e4lt\u00e4en palkkion ja kulut. Hankittavan auton sijainti vaikuttaa olennaisesti kuluihin. Veloitusmallimme on kiinte\u00e4 palkkio (pyyd\u00e4 meilt\u00e4 tarjous) sek\u00e4 syntyneet kustannukset kuittien mukaisesti. Autot toimitamme Suomessa p\u00e4\u00e4asiallisesti Helsinkiin. My\u00f6s muut sijainnit onnistuvat pieneen lis\u00e4hintaan. Esimerkiksi toimituksesta Kajaaniin veloitamme vain 100 \u20ac + alv lis\u00e4hinnan sek\u00e4 polttoainekulut.<\/p>\n\n\n\n<p><strong>Asiakas maksaa ajoneuvon ja tuontikulujen + palkkion lis\u00e4ksi<\/strong>&nbsp;<strong>kotimaassa katsastuksen, rekister\u00f6innin ja Suomen autoveron.<\/strong>&nbsp;Asiakkaistamme valtaosa hoitaa katsastuksen ja rekister\u00f6innin itse, mutta opastamme tarvittaessa meilt\u00e4 auton tilannutta asiakasta kaikissa tuonnin j\u00e4lkeen ilmeneviss\u00e4 kysymyksiss\u00e4. EU:n ulkopuolelta toimitettavista autoista asiakas vastaa lis\u00e4ksi tullimaksuista ja arvonlis\u00e4verosta. Euroalueen ulkopuolisessa tuonnissa (siis my\u00f6s Ruotsista ostaessa) on huomioitava aina valuuttakurssien vaihtelut sek\u00e4 tuontikulujen ett\u00e4 auton hankintahinnan osalta.&nbsp;<em>Tiesith\u00e4n jo, ett\u00e4 1.10.2021 tai sen j\u00e4lkeen k\u00e4ytt\u00f6\u00f6notettuihin t\u00e4yss\u00e4hk\u00f6autoihin ei tule lainkaan Suomen autoveroa!<\/em><\/p>\n\n\n\n<p><strong>Tavoitteemme on aina tyytyv\u00e4inen asiakas.<\/strong>&nbsp;<em>Tyytyv\u00e4iset asiakkaat ovatkin paras referenssimme.<\/em>&nbsp;Kalliiden lehti- ja tv-mainosten sijaan panostamme laadukkaaseen palveluun sek\u00e4 rehelliseen ja luotettavaan toimintaan.&nbsp;<em>Vertaa rohkeasti yrityksemme saamaa palautetta muihin autoalan yrityksiin.<\/em>&nbsp;Toimintamme kest\u00e4\u00e4 taatusti p\u00e4iv\u00e4nvalon!<\/p>\n\n\n\n<p><strong>Yhteydenottolomakkeemme l\u00f6yd\u00e4t&nbsp;<a href=\"https:\/\/blauweiss.fi\/yhteydenotto\/\" target=\"_blank\" rel=\"noreferrer noopener\">T\u00c4ST\u00c4!<\/a><\/strong><\/p>\n","protected":false},"excerpt":{"rendered":"<p>Autojen maahantuonti Erikoisalamme on k\u00e4ytettyjen&nbsp;BMW-merkkisten henkil\u00f6autojen toimittaminen,&nbsp;mutta meill\u00e4 on paljon kokemusta my\u00f6s muiden saksalaismerkkien maahantuonnista. Olemme toimittaneet asiakkaillemme vuosien varrella my\u00f6s useita erikoisautoja kuten Ferrari, Jaguar, Lamborghini ja Porsche. Tuomme autot toimimalla asiamiehen\u00e4 suomalaisten ostajan ja auton myyj\u00e4n v\u00e4lill\u00e4.&nbsp;Voit hakea itse haluamasi autot netist\u00e4 erilaisten autonmyyntisivustojen kautta tai voimme etsi\u00e4 haluamasi auton vaatimuksiesi mukaan.&nbsp;Toimimme konsulttina&#8230;<\/p>\n","protected":false},"author":1,"featured_media":0,"parent":0,"menu_order":0,"comment_status":"open","ping_status":"open","template":"","meta":{"ngg_post_thumbnail":0,"_kad_post_transparent":"default","_kad_post_title":"default","_kad_post_layout":"default","_kad_post_sidebar_id":"","_kad_post_content_style":"default","_kad_post_vertical_padding":"default","_kad_post_feature":"","_kad_post_feature_position":"","_kad_post_header":false,"_kad_post_footer":false,"footnotes":""},"class_list":["post-8","page","type-page","status-publish","hentry"],"_links":{"self":[{"href":"https:\/\/blauweiss.fi\/index.php?rest_route=\/wp\/v2\/pages\/8","targetHints":{"allow":["GET"]}}],"collection":[{"href":"https:\/\/blauweiss.fi\/index.php?rest_route=\/wp\/v2\/pages"}],"about":[{"href":"https:\/\/blauweiss.fi\/index.php?rest_route=\/wp\/v2\/types\/page"}],"author":[{"embeddable":true,"href":"https:\/\/blauweiss.fi\/index.php?rest_route=\/wp\/v2\/users\/1"}],"replies":[{"embeddable":true,"href":"https:\/\/blauweiss.fi\/index.php?rest_route=%2Fwp%2Fv2%2Fcomments&post=8"}],"version-history":[{"count":40,"href":"https:\/\/blauweiss.fi\/index.php?rest_route=\/wp\/v2\/pages\/8\/revisions"}],"predecessor-version":[{"id":484,"href":"https:\/\/blauweiss.fi\/index.php?rest_route=\/wp\/v2\/pages\/8\/revisions\/484"}],"wp:attachment":[{"href":"https:\/\/blauweiss.fi\/index.php?rest_route=%2Fwp%2Fv2%2Fmedia&parent=8"}],"curies":[{"name":"wp","href":"https:\/\/api.w.org\/{rel}","templated":true}]}}